{"id":37,"date":"2012-01-02T11:51:40","date_gmt":"2012-01-02T11:51:40","guid":{"rendered":"http:\/\/wp.videoteam.hu\/?page_id=37"},"modified":"2019-09-28T18:24:20","modified_gmt":"2019-09-28T16:24:20","slug":"eskuvo","status":"publish","type":"page","link":"http:\/\/www.videoteam.hu\/?page_id=37","title":{"rendered":"Inform\u00e1ci\u00f3k"},"content":{"rendered":"<p>Debrecen k\u00f6zpont\u00fa v\u00e1llalkoz\u00e1sunk az al\u00e1bbi szolg\u00e1ltat\u00e1si ter\u00fcleteken ny\u00fajt magas sz\u00ednvonal\u00fa szolg\u00e1ltat\u00e1sokat:<\/p>\n<p>&#8211; Rekl\u00e1m- \u00e9s prom\u00f3 filemek k\u00e9sz\u00edt\u00e9se<\/p>\n<p>&#8211; Esk\u00fcv\u0151k filmez\u00e9se nem csak az orsz\u00e1g ter\u00fclet\u00e9n, de ak\u00e1r eur\u00f3p\u00e1n k\u00edv\u00fcl is<\/p>\n<p>&#8211; Rendezv\u00e9nyek, koncertek r\u00f6gz\u00edt\u00e9se<\/p>\n<p>&#8211; Szalagavat\u00f3k sz\u00ednvonalas meg\u00f6r\u00f6k\u00edt\u00e9se<\/p>\n<p><strong>Filmjeinket 6K-ban is el tudjuk k\u00e9sz\u00edteni.<\/strong> Min\u0151s\u00e9gi optik\u00e1kat \u00e9s speci\u00e1lis kameramozgat\u00f3 eszk\u00f6z\u00f6ket haszn\u00e1lunk a filmes l\u00e1tv\u00e1ny\u00e9rt.<\/p>\n<p>Ha b\u00e1rmiben seg\u00edthet\u00fcnk keressen fel minket! Sz\u00e9les k\u00f6r\u0171 referenci\u00e1val rendelkez\u00fcnk!<\/p>\n","protected":false},"excerpt":{"rendered":"<p>Debrecen k\u00f6zpont\u00fa v\u00e1llalkoz\u00e1sunk az al\u00e1bbi szolg\u00e1ltat\u00e1si ter\u00fcleteken ny\u00fajt magas sz\u00ednvonal\u00fa szolg\u00e1ltat\u00e1sokat: &#8211; Rekl\u00e1m- \u00e9s prom\u00f3 filemek k\u00e9sz\u00edt\u00e9se &#8211; Esk\u00fcv\u0151k filmez\u00e9se nem csak az orsz\u00e1g ter\u00fclet\u00e9n, de ak\u00e1r eur\u00f3p\u00e1n k\u00edv\u00fcl is &#8211; Rendezv\u00e9nyek, koncertek r\u00f6gz\u00edt\u00e9se &#8211; Szalagavat\u00f3k sz\u00ednvonalas meg\u00f6r\u00f6k\u00edt\u00e9se Filmjeinket 6K-ban is el tudjuk k\u00e9sz\u00edteni. Min\u0151s\u00e9gi optik\u00e1kat \u00e9s speci\u00e1lis kameramozgat\u00f3 eszk\u00f6z\u00f6ket haszn\u00e1lunk a filmes l\u00e1tv\u00e1ny\u00e9rt. Ha [&hellip;]<\/p>\n","protected":false},"author":1,"featured_media":0,"parent":0,"menu_order":0,"comment_status":"open","ping_status":"open","template":"","meta":[],"_links":{"self":[{"href":"http:\/\/www.videoteam.hu\/index.php?rest_route=\/wp\/v2\/pages\/37"}],"collection":[{"href":"http:\/\/www.videoteam.hu\/index.php?rest_route=\/wp\/v2\/pages"}],"about":[{"href":"http:\/\/www.videoteam.hu\/index.php?rest_route=\/wp\/v2\/types\/page"}],"author":[{"embeddable":true,"href":"http:\/\/www.videoteam.hu\/index.php?rest_route=\/wp\/v2\/users\/1"}],"replies":[{"embeddable":true,"href":"http:\/\/www.videoteam.hu\/index.php?rest_route=%2Fwp%2Fv2%2Fcomments&post=37"}],"version-history":[{"count":5,"href":"http:\/\/www.videoteam.hu\/index.php?rest_route=\/wp\/v2\/pages\/37\/revisions"}],"predecessor-version":[{"id":530,"href":"http:\/\/www.videoteam.hu\/index.php?rest_route=\/wp\/v2\/pages\/37\/revisions\/530"}],"wp:attachment":[{"href":"http:\/\/www.videoteam.hu\/index.php?rest_route=%2Fwp%2Fv2%2Fmedia&parent=37"}],"curies":[{"name":"wp","href":"https:\/\/api.w.org\/{rel}","templated":true}]}}