{"id":40,"date":"2012-01-02T11:53:15","date_gmt":"2012-01-02T11:53:15","guid":{"rendered":"http:\/\/wp.videoteam.hu\/?page_id=40"},"modified":"2018-10-15T08:45:11","modified_gmt":"2018-10-15T06:45:11","slug":"eskuvo","status":"publish","type":"page","link":"http:\/\/www.videoteam.hu\/?page_id=40","title":{"rendered":"Esk\u00fcv\u0151"},"content":{"rendered":"<h4><span style=\"color: #ff6600;\">Esk\u00fcv\u0151j\u00e9r\u0151l filmet k\u00e9sz\u00edt\u00fcnk!<\/span><\/h4>\n<div>\n<p style=\"text-align: justify;\">\u00c9let\u00fcnk egyik legszebb esem\u00e9nye az esk\u00fcv\u0151. Egy k\u00f6z\u00f6s, \u00faj \u00e9let kezdete. Ezt a napot mindenki a legszebbnek a legt\u00f6k\u00e9letesebbnek akarja l\u00e1tni.<br \/>\nMi seg\u00edt\u00fcnk abban, hogy ez ne csak az eml\u00e9keiben maradjon meg \u00f6r\u00f6kre!<\/p>\n<p><a href=\"http:\/\/www.videoteam.hu\/wp-content\/uploads\/nanadi_-anita.jpg\"><img decoding=\"async\" loading=\"lazy\" class=\"size-medium wp-image-318 alignleft\" src=\"http:\/\/www.videoteam.hu\/wp-content\/uploads\/nanadi_-anita-300x156.jpg\" alt=\"nanadi_ anita\" width=\"300\" height=\"156\" srcset=\"http:\/\/www.videoteam.hu\/wp-content\/uploads\/nanadi_-anita-300x156.jpg 300w, http:\/\/www.videoteam.hu\/wp-content\/uploads\/nanadi_-anita-1024x533.jpg 1024w, http:\/\/www.videoteam.hu\/wp-content\/uploads\/nanadi_-anita.jpg 1894w\" sizes=\"(max-width: 300px) 100vw, 300px\" \/><\/a><\/p>\n<p style=\"text-align: justify;\">Az \u00e1ltalunk elk\u00e9sz\u00edtett film minden pillanatot tartalmaz a k\u00e9sz\u00fcl\u0151d\u00e9st\u0151l az \u00fajasszonyig.<\/p>\n<p style=\"text-align: justify;\">Felv\u00e9teleket el\u0151zetes egyeztet\u00e9s sor\u00e1n k\u00e9sz\u00edtj\u00fck el v\u00e9glegesre. A filmet p\u00f6rg\u0151sre, fiatalosra v\u00e1gjuk mely humorral \u00e9s romantik\u00e1val van f\u0171szerezve. A t\u00f6k\u00e9letes l\u00e1tv\u00e1ny\u00e9rt speci\u00e1lis kameramozgat\u00f3 eszk\u00f6z\u00f6ket haszn\u00e1lunk. A k\u00e9peket t\u00f6bb FULL HD-s kamer\u00e1val r\u00f6gz\u00edtj\u00fck. Term\u00e9szetesen k\u00fcl\u00f6n figyelmet szentel\u00fcnk a t\u00f6k\u00e9letes hang r\u00f6gz\u00edt\u00e9s\u00e9re is!<\/p>\n<p style=\"text-align: justify;\"><a href=\"http:\/\/www.videoteam.hu\/wp-content\/uploads\/adrienn_zoli.png\"><img decoding=\"async\" loading=\"lazy\" class=\"size-medium wp-image-421 alignright\" src=\"http:\/\/www.videoteam.hu\/wp-content\/uploads\/adrienn_zoli-300x148.png\" alt=\"adrienn_zoli\" width=\"300\" height=\"148\" srcset=\"http:\/\/www.videoteam.hu\/wp-content\/uploads\/adrienn_zoli-300x148.png 300w, http:\/\/www.videoteam.hu\/wp-content\/uploads\/adrienn_zoli-1024x506.png 1024w, http:\/\/www.videoteam.hu\/wp-content\/uploads\/adrienn_zoli.png 1428w\" sizes=\"(max-width: 300px) 100vw, 300px\" \/><\/a><\/p>\n<p style=\"text-align: justify;\">Anyagaink \u00fagy vannak megszerkesztve, hogy k\u00e9sz film megtekint\u00e9se ne okozzon gondot \u00e9s \u00f6r\u00f6met jelentsen a csal\u00e1d minden tagj\u00e1nak.<\/p>\n<p style=\"text-align: justify;\">Az elk\u00e9sz\u00fclt filmet pendrive-on adjuk \u00e1t, \u00e9s el\u00e9rhet\u0151v\u00e9 tessz\u00fck let\u00f6lt\u00e9sre 30 napig.<\/p>\n<p style=\"text-align: justify;\">\n<p style=\"text-align: justify;\">Tov\u00e1bbi inform\u00e1ci\u00f3\u00e9rt k\u00e9rj\u00fck keressen bizalommal minket!\u00a0\u00a0\u00a0<a href=\"mailto:info@videoteam.hu\">info@videoteam.hu\u00a0<\/a><\/p>\n<p style=\"text-align: justify;\">\n<\/div>\n","protected":false},"excerpt":{"rendered":"<p>Esk\u00fcv\u0151j\u00e9r\u0151l filmet k\u00e9sz\u00edt\u00fcnk! \u00c9let\u00fcnk egyik legszebb esem\u00e9nye az esk\u00fcv\u0151. Egy k\u00f6z\u00f6s, \u00faj \u00e9let kezdete. Ezt a napot mindenki a legszebbnek a legt\u00f6k\u00e9letesebbnek akarja l\u00e1tni. Mi seg\u00edt\u00fcnk abban, hogy ez ne csak az eml\u00e9keiben maradjon meg \u00f6r\u00f6kre! Az \u00e1ltalunk elk\u00e9sz\u00edtett film minden pillanatot tartalmaz a k\u00e9sz\u00fcl\u0151d\u00e9st\u0151l az \u00fajasszonyig. Felv\u00e9teleket el\u0151zetes egyeztet\u00e9s sor\u00e1n k\u00e9sz\u00edtj\u00fck el v\u00e9glegesre. A [&hellip;]<\/p>\n","protected":false},"author":1,"featured_media":0,"parent":37,"menu_order":1,"comment_status":"open","ping_status":"open","template":"","meta":[],"_links":{"self":[{"href":"http:\/\/www.videoteam.hu\/index.php?rest_route=\/wp\/v2\/pages\/40"}],"collection":[{"href":"http:\/\/www.videoteam.hu\/index.php?rest_route=\/wp\/v2\/pages"}],"about":[{"href":"http:\/\/www.videoteam.hu\/index.php?rest_route=\/wp\/v2\/types\/page"}],"author":[{"embeddable":true,"href":"http:\/\/www.videoteam.hu\/index.php?rest_route=\/wp\/v2\/users\/1"}],"replies":[{"embeddable":true,"href":"http:\/\/www.videoteam.hu\/index.php?rest_route=%2Fwp%2Fv2%2Fcomments&post=40"}],"version-history":[{"count":18,"href":"http:\/\/www.videoteam.hu\/index.php?rest_route=\/wp\/v2\/pages\/40\/revisions"}],"predecessor-version":[{"id":513,"href":"http:\/\/www.videoteam.hu\/index.php?rest_route=\/wp\/v2\/pages\/40\/revisions\/513"}],"up":[{"embeddable":true,"href":"http:\/\/www.videoteam.hu\/index.php?rest_route=\/wp\/v2\/pages\/37"}],"wp:attachment":[{"href":"http:\/\/www.videoteam.hu\/index.php?rest_route=%2Fwp%2Fv2%2Fmedia&parent=40"}],"curies":[{"name":"wp","href":"https:\/\/api.w.org\/{rel}","templated":true}]}}