{"id":45,"date":"2012-01-02T11:57:18","date_gmt":"2012-01-02T11:57:18","guid":{"rendered":"http:\/\/wp.videoteam.hu\/?page_id=45"},"modified":"2022-02-24T16:58:53","modified_gmt":"2022-02-24T15:58:53","slug":"eskuvoi-video-arak","status":"publish","type":"page","link":"http:\/\/www.videoteam.hu\/?page_id=45","title":{"rendered":"Esk\u00fcv\u0151i vide\u00f3 \u00e1rak"},"content":{"rendered":"<p style=\"text-align: justify;\"><span style=\"color: #ff6600;\"><em><strong>Kateg\u00f3ria: \u00a0 \u00a0 \u00a0 \u00a0 \u00a0 \u00a0 \u00a0 \u00a0 \u00a0 \u00a0 \u00a0 \u00a0 A csomag tartalma: \u00a0 \u00a0 \u00a0 \u00a0 \u00a0 \u00a0 \u00a0 \u00a0 \u00a0 \u00a0 \u00a0 \u00a0 \u00a0 \u00a0 \u00a0 \u00a0 \u00a0 \u00c1r:<\/strong><\/em><\/span><br \/>\n<span style=\"color: #ff6600;\"><em><strong><span style=\"color: #993300;\">\u00a0\u201eS\u201d <\/span>\u00a0 \u00a0<\/strong><\/em><\/span>\u00a0 \u00a0 \u00a0 \u00a0 \u00a0 \u00a0 \u00a0 \u00a0 \u00a0 \u00a0 \u00a0 \u00a0 \u00a0 \u00a0 \u00a0 \u00a0 \u00a010 perc v\u00e1gott\u00a0 \u00a0 \u00a0 \u00a0 \u00a0 \u00a0 \u00a0 \u00a0 \u00a0 \u00a0 \u00a0 \u00a0 \u00a0 \u00a0 \u00a0 \u00a0 \u00a0 \u00a0 \u00a0 \u00a0 \u00a0 160.000.\u2010 Ft<br \/>\nk\u00e9sz\u00fcl\u0151d\u00e9st\u0151l az \u00fajasszonyig \/1db kamera\/<\/p>\n<p style=\"text-align: justify;\"><span style=\"color: #993300;\"><em><strong>\u201eM\u201d<\/strong><\/em> \u00a0\u00a0<\/span>\u00a0 \u00a0 \u00a0 \u00a0 \u00a0 \u00a0 \u00a0 \u00a0 \u00a0 \u00a0 \u00a0 \u00a0 \u00a0 \u00a0 \u00a0 \u00a0 \u00a0 20-30 \u00a0perc v\u00e1gott,\u00a0 \u00a0 \u00a0 \u00a0 \u00a0 \u00a0 \u00a0 \u00a0 \u00a0 \u00a0 \u00a0 \u00a0 \u00a0 \u00a0 \u00a0 \u00a0 \u00a0 270.000.- Ft<br \/>\nk\u00e9sz\u00fcl\u0151d\u00e9st\u0151l az \u00fajasszonyig \/2-3db kamera\/<\/p>\n<p style=\"text-align: justify;\"><span style=\"color: #993300;\"><em><strong>\u201eL\u201d \u00a0<\/strong><\/em>\u00a0 \u00a0<\/span>\u00a0 \u00a0 \u00a0 \u00a0 \u00a0 \u00a0 \u00a0 \u00a0 \u00a0 \u00a0 \u00a0 \u00a0 \u00a0 \u00a0 \u00a0 \u00a0 \u00a045-60 \u00a0 \u00a0perc v\u00e1gott,\u00a0 \u00a0 \u00a0 \u00a0 \u00a0 \u00a0 \u00a0 \u00a0 \u00a0 \u00a0 \u00a0 \u00a0 \u00a0 \u00a0 \u00a0 \u00a0 \u00a0350.000.- Ft<br \/>\nk\u00e9sz\u00fcl\u0151d\u00e9st\u0151l az \u00fajasszonyig \/2-3db kamera\/<\/p>\n<p><span style=\"color: #993300;\"><strong><em>DR\u00d3N<\/em><\/strong>:<\/span> +40.000.- Ft<\/p>\n<p>Az &#8220;M&#8221; \u00e9s &#8220;L&#8221; csomagokhoz tartozik m\u00e9g egy 3-5 perces \u00f6sszefoglal\u00f3 klip!<\/p>\n<p>A felv\u00e9telek <strong><span style=\"color: #ff6600;\">4K<\/span><\/strong>-ban k\u00e9sz\u00fclnek.<\/p>\n<p>Hajd\u00fa\u2010Bihar megy\u00e9n k\u00edv\u00fcli kisz\u00e1ll\u00e1s: (Debrecent\u0151l sz\u00e1molva) 8 liter\/100 Km-rel sz\u00e1molva<br \/>\nAz operat\u0151ri munka id\u0151tartama kateg\u00f3ria f\u00fcggv\u00e9ny\u00e9ben hajnal 1-2 \u00f3r\u00e1ig tart. Minden tov\u00e1bbi \u00f3ra: \u00a0 10.000.\u2010 Ft\/operat\u0151r<\/p>\n<h3><span style=\"color: #ff0000;\"><strong><a href=\"http:\/\/www.videoteam.hu\/?page_id=478\">A kateg\u00f3ri\u00e1kr\u00f3l r\u00e9szletesen itt olvashat<\/a><\/strong><\/span><\/h3>\n<p><span style=\"color: #ff6600;\"><em><strong>Trash The Dress<\/strong><\/em><\/span><br \/>\nHorv\u00e1torsz\u00e1gban: videoklip, \u00e9s egy fot\u00f3sorozat\u00a0 \u00a0 \u00a0 \u00a0 \u00a0 \u00a0 \u00a0 \u00a0 \u00a0 \u00a0 \u00a0 \u00a0<span style=\"color: #ff0000;\"><strong><a style=\"color: #ff0000;\" href=\"mailto:info@videoteam.hu\"><em> \u00c9rdekl\u0151dj\u00f6n!<\/em><\/a><\/strong><\/span><br \/>\nAz \u00e1r tartalmazza az utaz\u00e1si k\u00f6lts\u00e9get, a sz\u00e1ll\u00e1st!<\/p>\n","protected":false},"excerpt":{"rendered":"<p>Kateg\u00f3ria: \u00a0 \u00a0 \u00a0 \u00a0 \u00a0 \u00a0 \u00a0 \u00a0 \u00a0 \u00a0 \u00a0 \u00a0 A csomag tartalma: \u00a0 \u00a0 \u00a0 \u00a0 \u00a0 \u00a0 \u00a0 \u00a0 \u00a0 \u00a0 \u00a0 \u00a0 \u00a0 \u00a0 \u00a0 \u00a0 \u00a0 \u00c1r: \u00a0\u201eS\u201d \u00a0 \u00a0\u00a0 \u00a0 \u00a0 \u00a0 \u00a0 \u00a0 \u00a0 \u00a0 \u00a0 \u00a0 \u00a0 \u00a0 \u00a0 \u00a0 \u00a0 \u00a0 \u00a010 perc v\u00e1gott\u00a0 [&hellip;]<\/p>\n","protected":false},"author":1,"featured_media":0,"parent":40,"menu_order":0,"comment_status":"open","ping_status":"open","template":"","meta":[],"_links":{"self":[{"href":"http:\/\/www.videoteam.hu\/index.php?rest_route=\/wp\/v2\/pages\/45"}],"collection":[{"href":"http:\/\/www.videoteam.hu\/index.php?rest_route=\/wp\/v2\/pages"}],"about":[{"href":"http:\/\/www.videoteam.hu\/index.php?rest_route=\/wp\/v2\/types\/page"}],"author":[{"embeddable":true,"href":"http:\/\/www.videoteam.hu\/index.php?rest_route=\/wp\/v2\/users\/1"}],"replies":[{"embeddable":true,"href":"http:\/\/www.videoteam.hu\/index.php?rest_route=%2Fwp%2Fv2%2Fcomments&post=45"}],"version-history":[{"count":51,"href":"http:\/\/www.videoteam.hu\/index.php?rest_route=\/wp\/v2\/pages\/45\/revisions"}],"predecessor-version":[{"id":561,"href":"http:\/\/www.videoteam.hu\/index.php?rest_route=\/wp\/v2\/pages\/45\/revisions\/561"}],"up":[{"embeddable":true,"href":"http:\/\/www.videoteam.hu\/index.php?rest_route=\/wp\/v2\/pages\/40"}],"wp:attachment":[{"href":"http:\/\/www.videoteam.hu\/index.php?rest_route=%2Fwp%2Fv2%2Fmedia&parent=45"}],"curies":[{"name":"wp","href":"https:\/\/api.w.org\/{rel}","templated":true}]}}