{"id":56,"date":"2012-01-02T12:45:17","date_gmt":"2012-01-02T12:45:17","guid":{"rendered":"http:\/\/wp.videoteam.hu\/?page_id=56"},"modified":"2014-03-01T21:13:54","modified_gmt":"2014-03-01T20:13:54","slug":"digitalis-meghivo","status":"publish","type":"page","link":"http:\/\/www.videoteam.hu\/?page_id=56","title":{"rendered":"Digit\u00e1lis megh\u00edv\u00f3"},"content":{"rendered":"<p style=\"text-align: justify;\">Ezent\u00fal nem csak hagyonm\u00e1nyos form\u00e1ban, hanem vide\u00f3 \u00fczenetben is megh\u00edvhatja szeretteit, ismer\u0151seit!<\/p>\n<p style=\"text-align: justify;\">A digit\u00e1lis megh\u00edv\u00f3 tartalmazhat vide\u00f3klipet r\u00f3latok, gyerekkori fot\u00f3kat, de ak\u00e1r egy kisfilmet is.<\/p>\n<p style=\"text-align: justify;\">Mindez egy 8cm-es DVD lemezre ker\u00fcl r\u00e1.Asztali lej\u00e1tsz\u00f3ban,\u00a0 sz\u00e1m\u00edt\u00f3g\u00e9pen egyar\u00e1nt megn\u00e9zhet\u0151. Fel\u00fclet\u00e9re sz\u00ednes nyomatot tudunk elhelyezni. Ez lehet ak\u00e1r f\u00e9nyk\u00e9p, ak\u00e1r id\u00e9zet<\/p>\n<p>.<a href=\"http:\/\/www.videoteam.hu\/wp-content\/uploads\/meghivo_1.jpg\"><img decoding=\"async\" loading=\"lazy\" class=\"size-medium wp-image-433 alignleft\" alt=\"meghivo_1\" src=\"http:\/\/www.videoteam.hu\/wp-content\/uploads\/meghivo_1-300x121.jpg\" width=\"300\" height=\"121\" srcset=\"http:\/\/www.videoteam.hu\/wp-content\/uploads\/meghivo_1-300x121.jpg 300w, http:\/\/www.videoteam.hu\/wp-content\/uploads\/meghivo_1.jpg 719w\" sizes=\"(max-width: 300px) 100vw, 300px\" \/><\/a><\/p>\n<p style=\"text-align: justify;\">Mindezt persze nem hagyom\u00e1nyos m\u00f3don t\u00e1laljuk! A DVD lemez egy erre c\u00e9lra egyedileg kialak\u00edtott d\u00edszdobozban tal\u00e1lhat\u00f3. A doboz fel\u00fclet\u00e9t, belsej\u00e9t is el tudjuk l\u00e1tni feliratokkal. Teh\u00e1t r\u00e1ker\u00fclhet egy hagyom\u00e1nyos megh\u00edv\u00f3 teljes sz\u00f6vege id\u00e9zettel egy\u00fctt.<\/p>\n<p style=\"text-align: justify;\">A megh\u00edv\u00f3 m\u00e9retei sem nagyok! 9x10cm! \u00c1ra nem t\u00f6bb mint egy hagyom\u00e1nyos megh\u00edv\u00f3\u00e9!<\/p>\n<p style=\"text-align: justify;\"><a href=\"http:\/\/www.videoteam.hu\/wp-content\/uploads\/meghivo_2.jpg\"><img decoding=\"async\" loading=\"lazy\" class=\"size-medium wp-image-434 alignright\" alt=\"meghivo_2\" src=\"http:\/\/www.videoteam.hu\/wp-content\/uploads\/meghivo_2-300x205.jpg\" width=\"300\" height=\"205\" srcset=\"http:\/\/www.videoteam.hu\/wp-content\/uploads\/meghivo_2-300x205.jpg 300w, http:\/\/www.videoteam.hu\/wp-content\/uploads\/meghivo_2.jpg 500w\" sizes=\"(max-width: 300px) 100vw, 300px\" \/><\/a><\/p>\n<p style=\"text-align: justify;\">A filmeket a lemezre mi k\u00e9sz\u00edtj\u00fck el, de elhelyezhet\u0151k rajta mag\u00e1narch\u00edvumban l\u00e9v\u0151 r\u00e9gebbi vide\u00f3k is.<\/p>\n","protected":false},"excerpt":{"rendered":"<p>Ezent\u00fal nem csak hagyonm\u00e1nyos form\u00e1ban, hanem vide\u00f3 \u00fczenetben is megh\u00edvhatja szeretteit, ismer\u0151seit! A digit\u00e1lis megh\u00edv\u00f3 tartalmazhat vide\u00f3klipet r\u00f3latok, gyerekkori fot\u00f3kat, de ak\u00e1r egy kisfilmet is. Mindez egy 8cm-es DVD lemezre ker\u00fcl r\u00e1.Asztali lej\u00e1tsz\u00f3ban,\u00a0 sz\u00e1m\u00edt\u00f3g\u00e9pen egyar\u00e1nt megn\u00e9zhet\u0151. Fel\u00fclet\u00e9re sz\u00ednes nyomatot tudunk elhelyezni. Ez lehet ak\u00e1r f\u00e9nyk\u00e9p, ak\u00e1r id\u00e9zet . Mindezt persze nem hagyom\u00e1nyos m\u00f3don t\u00e1laljuk! A [&hellip;]<\/p>\n","protected":false},"author":3,"featured_media":0,"parent":40,"menu_order":0,"comment_status":"open","ping_status":"open","template":"","meta":[],"_links":{"self":[{"href":"http:\/\/www.videoteam.hu\/index.php?rest_route=\/wp\/v2\/pages\/56"}],"collection":[{"href":"http:\/\/www.videoteam.hu\/index.php?rest_route=\/wp\/v2\/pages"}],"about":[{"href":"http:\/\/www.videoteam.hu\/index.php?rest_route=\/wp\/v2\/types\/page"}],"author":[{"embeddable":true,"href":"http:\/\/www.videoteam.hu\/index.php?rest_route=\/wp\/v2\/users\/3"}],"replies":[{"embeddable":true,"href":"http:\/\/www.videoteam.hu\/index.php?rest_route=%2Fwp%2Fv2%2Fcomments&post=56"}],"version-history":[{"count":8,"href":"http:\/\/www.videoteam.hu\/index.php?rest_route=\/wp\/v2\/pages\/56\/revisions"}],"predecessor-version":[{"id":437,"href":"http:\/\/www.videoteam.hu\/index.php?rest_route=\/wp\/v2\/pages\/56\/revisions\/437"}],"up":[{"embeddable":true,"href":"http:\/\/www.videoteam.hu\/index.php?rest_route=\/wp\/v2\/pages\/40"}],"wp:attachment":[{"href":"http:\/\/www.videoteam.hu\/index.php?rest_route=%2Fwp%2Fv2%2Fmedia&parent=56"}],"curies":[{"name":"wp","href":"https:\/\/api.w.org\/{rel}","templated":true}]}}