{"id":59,"date":"2012-01-02T12:56:40","date_gmt":"2012-01-02T12:56:40","guid":{"rendered":"http:\/\/wp.videoteam.hu\/?page_id=59"},"modified":"2019-02-06T15:53:55","modified_gmt":"2019-02-06T14:53:55","slug":"szalagavato","status":"publish","type":"page","link":"http:\/\/www.videoteam.hu\/?page_id=59","title":{"rendered":"Szalagavat\u00f3"},"content":{"rendered":"<p>&nbsp;<\/p>\n<p>Referencianyagot biztos\u00edtunk!<br \/>\nKedvez\u0151 \u00e1rak!<\/p>\n<p>Egyedi megold\u00e1sok<\/p>\n<p><span style=\"color: #0000ee;\"><br \/>\n<\/span>\u00a0FULL HD r\u00f6gz\u00edt\u00e9s<br \/>\nSz\u00e9lesk\u00f6r\u0171 referencia<\/p>\n<p><strong><em><span style=\"color: #ff6600;\">Szalagt\u0171z\u0151 \u00e1raink:<\/span><\/em><\/strong><\/p>\n<p>Oszt\u00e1ly l\u00e9tsz\u00e1m\u00e1t\u00f3l f\u00fcggetlen\u00fcl:\u00a0 \u00a0 \u00a0 \u00a0 \u00a0 \u00a0190.000.- Ft\/oszt\u00e1ly<\/p>\n<p>Tartalmazza:<\/p>\n<ul>\n<li>oszt\u00e1lyklip<\/li>\n<li>szalagavat\u00f3 \u00fcnneps\u00e9g<\/li>\n<li>\u00f6sszes oszt\u00e1ly t\u00e1nca<\/li>\n<li>t\u00e1ncpr\u00f3ba<\/li>\n<\/ul>\n<p>A k\u00e9sz anyag jelsz\u00f3val v\u00e9dett felh\u0151 t\u00e1rol\u00f3ba lesz felt\u00f6ltve.<\/p>\n<p>Amennyiben sz\u00fcks\u00e9ges DVD lemez:\u00a0 \u00a0 \u00a0 \u00a0 \u00a0 \u00a0500.- Ft\/db (min. 10db rendel\u00e9se sz\u00fcks\u00e9ges)<\/p>\n<p>&nbsp;<\/p>\n<p><span style=\"color: #ff6600;\"><strong><em>Munk\u00e1inkra garanci\u00e1t v\u00e1llalunk!<\/em><\/strong><\/span><\/p>\n<p>\u2010 Felv\u00e9teleinket FULL HD min\u0151s\u00e9gben k\u00e9sz\u00edtj\u00fck el.<br \/>\n\u2010 Szakk\u00e9pes\u00edt\u00e9ssel \u00e9s telev\u00edzi\u00f3z\u00e1sban szerzett gyakorlattal rendelkez\u00fcnk.<br \/>\n\u2010 M\u00e1r egy oszt\u00e1ly felv\u00e9tele is 3-4db kamer\u00e1val t\u00f6rt\u00e9nik.<br \/>\n\u2010 Csak a Ti oszt\u00e1lyotok szerepel a felv\u00e9telen, a t\u00f6bbi oszt\u00e1ly szalagt\u0171z\u00e9s\u00e9t kiv\u00e1gjuk.<br \/>\n\u2010 Nem marad le senki, mindenki j\u00f3l felismerhet\u0151en, t\u00f6bbsz\u00f6r szerepel a filmben.<br \/>\n\u2010 \u00c9s sok egyedi megold\u00e1s, ami m\u00e9g l\u00e1tv\u00e1nyosabb\u00e1, n\u00e9zhet\u0151bb\u00e9 teszi a k\u00e9sz felv\u00e9telt.<\/p>\n<p>&nbsp;<\/p>\n<p><a href=\"http:\/\/www.videoteam.hu\/?cat=10\">A filmek itt megtekinthet\u0151k<\/a><\/p>\n<p>&nbsp;<\/p>\n<div><\/div>\n<p><span style=\"text-decoration: underline;\"><br \/>\n<\/span><\/p>\n","protected":false},"excerpt":{"rendered":"<p>&nbsp; Referencianyagot biztos\u00edtunk! Kedvez\u0151 \u00e1rak! Egyedi megold\u00e1sok \u00a0FULL HD r\u00f6gz\u00edt\u00e9s Sz\u00e9lesk\u00f6r\u0171 referencia Szalagt\u0171z\u0151 \u00e1raink: Oszt\u00e1ly l\u00e9tsz\u00e1m\u00e1t\u00f3l f\u00fcggetlen\u00fcl:\u00a0 \u00a0 \u00a0 \u00a0 \u00a0 \u00a0190.000.- Ft\/oszt\u00e1ly Tartalmazza: oszt\u00e1lyklip szalagavat\u00f3 \u00fcnneps\u00e9g \u00f6sszes oszt\u00e1ly t\u00e1nca t\u00e1ncpr\u00f3ba A k\u00e9sz anyag jelsz\u00f3val v\u00e9dett felh\u0151 t\u00e1rol\u00f3ba lesz felt\u00f6ltve. Amennyiben sz\u00fcks\u00e9ges DVD lemez:\u00a0 \u00a0 \u00a0 \u00a0 \u00a0 \u00a0500.- Ft\/db (min. 10db rendel\u00e9se sz\u00fcks\u00e9ges) &nbsp; [&hellip;]<\/p>\n","protected":false},"author":3,"featured_media":0,"parent":37,"menu_order":0,"comment_status":"open","ping_status":"open","template":"","meta":[],"_links":{"self":[{"href":"http:\/\/www.videoteam.hu\/index.php?rest_route=\/wp\/v2\/pages\/59"}],"collection":[{"href":"http:\/\/www.videoteam.hu\/index.php?rest_route=\/wp\/v2\/pages"}],"about":[{"href":"http:\/\/www.videoteam.hu\/index.php?rest_route=\/wp\/v2\/types\/page"}],"author":[{"embeddable":true,"href":"http:\/\/www.videoteam.hu\/index.php?rest_route=\/wp\/v2\/users\/3"}],"replies":[{"embeddable":true,"href":"http:\/\/www.videoteam.hu\/index.php?rest_route=%2Fwp%2Fv2%2Fcomments&post=59"}],"version-history":[{"count":17,"href":"http:\/\/www.videoteam.hu\/index.php?rest_route=\/wp\/v2\/pages\/59\/revisions"}],"predecessor-version":[{"id":516,"href":"http:\/\/www.videoteam.hu\/index.php?rest_route=\/wp\/v2\/pages\/59\/revisions\/516"}],"up":[{"embeddable":true,"href":"http:\/\/www.videoteam.hu\/index.php?rest_route=\/wp\/v2\/pages\/37"}],"wp:attachment":[{"href":"http:\/\/www.videoteam.hu\/index.php?rest_route=%2Fwp%2Fv2%2Fmedia&parent=59"}],"curies":[{"name":"wp","href":"https:\/\/api.w.org\/{rel}","templated":true}]}}