{"id":62,"date":"2012-01-02T12:59:41","date_gmt":"2012-01-02T12:59:41","guid":{"rendered":"http:\/\/wp.videoteam.hu\/?page_id=62"},"modified":"2012-01-02T12:59:41","modified_gmt":"2012-01-02T12:59:41","slug":"reklam-film","status":"publish","type":"page","link":"http:\/\/www.videoteam.hu\/?page_id=62","title":{"rendered":"Rekl\u00e1m film"},"content":{"rendered":"<p><em>Szeretn\u00e9 v\u00e1llalkoz\u00e1s\u00e1t bemutatni?<br \/>\n<\/em><\/p>\n<p><em>Szeretn\u00e9 ha szolg\u00e1ltat\u00e1sait pontosabban megismern\u00e9k?<\/em><em><br \/>\n<\/em><\/p>\n<p><em>Esetleg \u00faj term\u00e9ket vezet be?<\/em><em><br \/>\n<\/em><\/p>\n<p>&nbsp;<\/p>\n<p>A leghat\u00e1sosabb m\u00f3dja, a rekl\u00e1m, vagy prom\u00f3 film.<\/p>\n<p>Filmjeink \u00fagy vannak k\u00e9szitve, hogy a lehet\u0151 legr\u00f6videbb id\u0151 alatt a legt\u00f6bbet mutassuk! Egy term\u00e9k, vagy szolg\u00e1ltat\u00e1s \u00edgy sokkal jobban bevezethet\u0151, bemutathat\u00f3, \u00e9rtelmezhet\u0151 \u00e9s terjeszthet\u0151. A filmeket felteheti web oldal\u00e1ra, mell\u00e9rakhatja egy term\u00e9khez, elk\u00fcldheti e-mail-ben, de ak\u00e1r TV-ben is bemutathattja.<\/p>\n<p>A felv\u00e9teleket FULL HD-ban k\u00e9sz\u00edtj\u00fck<\/p>\n<p>&nbsp;<\/p>\n<p>Ha felkeltett\u00fck \u00e9rdekl\u0151d\u00e9s\u00e9t k\u00e9rjen<a href=\"mailto:info@videoteam.hu\">\u00a0aj\u00e1nlatot.<\/a><\/p>\n","protected":false},"excerpt":{"rendered":"<p>Szeretn\u00e9 v\u00e1llalkoz\u00e1s\u00e1t bemutatni? Szeretn\u00e9 ha szolg\u00e1ltat\u00e1sait pontosabban megismern\u00e9k? Esetleg \u00faj term\u00e9ket vezet be? &nbsp; A leghat\u00e1sosabb m\u00f3dja, a rekl\u00e1m, vagy prom\u00f3 film. Filmjeink \u00fagy vannak k\u00e9szitve, hogy a lehet\u0151 legr\u00f6videbb id\u0151 alatt a legt\u00f6bbet mutassuk! Egy term\u00e9k, vagy szolg\u00e1ltat\u00e1s \u00edgy sokkal jobban bevezethet\u0151, bemutathat\u00f3, \u00e9rtelmezhet\u0151 \u00e9s terjeszthet\u0151. A filmeket felteheti web oldal\u00e1ra, mell\u00e9rakhatja egy term\u00e9khez, [&hellip;]<\/p>\n","protected":false},"author":3,"featured_media":0,"parent":37,"menu_order":0,"comment_status":"open","ping_status":"open","template":"","meta":[],"_links":{"self":[{"href":"http:\/\/www.videoteam.hu\/index.php?rest_route=\/wp\/v2\/pages\/62"}],"collection":[{"href":"http:\/\/www.videoteam.hu\/index.php?rest_route=\/wp\/v2\/pages"}],"about":[{"href":"http:\/\/www.videoteam.hu\/index.php?rest_route=\/wp\/v2\/types\/page"}],"author":[{"embeddable":true,"href":"http:\/\/www.videoteam.hu\/index.php?rest_route=\/wp\/v2\/users\/3"}],"replies":[{"embeddable":true,"href":"http:\/\/www.videoteam.hu\/index.php?rest_route=%2Fwp%2Fv2%2Fcomments&post=62"}],"version-history":[{"count":1,"href":"http:\/\/www.videoteam.hu\/index.php?rest_route=\/wp\/v2\/pages\/62\/revisions"}],"predecessor-version":[{"id":63,"href":"http:\/\/www.videoteam.hu\/index.php?rest_route=\/wp\/v2\/pages\/62\/revisions\/63"}],"up":[{"embeddable":true,"href":"http:\/\/www.videoteam.hu\/index.php?rest_route=\/wp\/v2\/pages\/37"}],"wp:attachment":[{"href":"http:\/\/www.videoteam.hu\/index.php?rest_route=%2Fwp%2Fv2%2Fmedia&parent=62"}],"curies":[{"name":"wp","href":"https:\/\/api.w.org\/{rel}","templated":true}]}}