{"id":99,"date":"2012-01-03T18:24:45","date_gmt":"2012-01-03T18:24:45","guid":{"rendered":"http:\/\/wp.videoteam.hu\/?page_id=99"},"modified":"2019-09-28T18:21:15","modified_gmt":"2019-09-28T16:21:15","slug":"akikkel-szeretunk-dolgozni","status":"publish","type":"page","link":"http:\/\/www.videoteam.hu\/?page_id=99","title":{"rendered":"Akikkel szeret\u00fcnk dolgozni"},"content":{"rendered":"<h3><a href=\"http:\/\/lorantkiss.com\" target=\"_blank\" rel=\"noopener noreferrer\"><em><strong>Kiss L\u00f3r\u00e1nt<\/strong><\/em><\/a><\/h3>\n<p>B\u0151vebben<a title=\"Fot\u00f3z\u00e1s\" href=\"http:\/\/www.videoteam.hu\/?page_id=235\"> itt<\/a><\/p>\n<p style=\"text-align: justify;\"><em><strong><a href=\"http:\/\/www.eskuvoi-meghivok.hu\" target=\"_blank\" rel=\"noopener noreferrer\">Esk\u00fcv\u0151i megh\u00edv\u00f3k<\/a><\/strong><\/em><\/p>\n<p style=\"text-align: justify;\">Megh\u00edv\u00f3ink k\u00f6z\u00f6tt biztos, hogy megtal\u00e1lj\u00e1tok a nektek megfelel\u0151t. K\u00fcl\u00f6nleges el\u0151ny, hogy b\u00e1rmely sz\u00ednt ,szalagot, mint\u00e1t, t\u00edpust v\u00e1lasztj\u00e1tok mi\u00a0<strong>ingyenesen elk\u00e9sz\u00edt\u00fcnk<\/strong>\u00a0egy minta darabot sz\u00e1motokra melyet ak\u00e1r post\u00e1ra is adunk a c\u00edmetekre, szint\u00e9n d\u00edjmentesen.<\/p>\n<p style=\"text-align: justify;\"><em style=\"line-height: 1.5em;\"><strong><a href=\"http:\/\/www.bodokitti.hu\" target=\"_blank\" rel=\"noopener noreferrer\">Bod\u00f3 Kitti kozmetikus-sminkes<\/a><\/strong><\/em><\/p>\n<p style=\"text-align: justify;\">2007 \u00f3ta dolgozom kozmetikusk\u00e9nt egy bar\u00e1ts\u00e1gos szalonban, valamint ezzel p\u00e1rhuzamosan egy helyi telev\u00edzi\u00f3n\u00e1l sminkesk\u00e9nt. Szerencs\u00e9snek tartom magam, mert a hivat\u00e1som egyben a hobbim is. Munk\u00e1m sor\u00e1n a nat\u00far kozmetikumok haszn\u00e1lat\u00e1t r\u00e9szes\u00edtem el\u0151nyben, melyek tart\u00f3s\u00edt\u00f3szer, illatanyag \u00e9s sz\u00ednez\u00e9kmentesek. Fontosnak tartom a rendszeres szakmai tanfolyamokon illetve tov\u00e1bbk\u00e9pz\u00e9seken val\u00f3 r\u00e9szv\u00e9telt, hogy magas szint\u0171, naprak\u00e9sz tud\u00e1ssal \u00e1lljak vend\u00e9geim rendelkez\u00e9s\u00e9re.<\/p>\n","protected":false},"excerpt":{"rendered":"<p>Kiss L\u00f3r\u00e1nt B\u0151vebben itt Esk\u00fcv\u0151i megh\u00edv\u00f3k Megh\u00edv\u00f3ink k\u00f6z\u00f6tt biztos, hogy megtal\u00e1lj\u00e1tok a nektek megfelel\u0151t. K\u00fcl\u00f6nleges el\u0151ny, hogy b\u00e1rmely sz\u00ednt ,szalagot, mint\u00e1t, t\u00edpust v\u00e1lasztj\u00e1tok mi\u00a0ingyenesen elk\u00e9sz\u00edt\u00fcnk\u00a0egy minta darabot sz\u00e1motokra melyet ak\u00e1r post\u00e1ra is adunk a c\u00edmetekre, szint\u00e9n d\u00edjmentesen. Bod\u00f3 Kitti kozmetikus-sminkes 2007 \u00f3ta dolgozom kozmetikusk\u00e9nt egy bar\u00e1ts\u00e1gos szalonban, valamint ezzel p\u00e1rhuzamosan egy helyi telev\u00edzi\u00f3n\u00e1l sminkesk\u00e9nt. Szerencs\u00e9snek [&hellip;]<\/p>\n","protected":false},"author":3,"featured_media":0,"parent":37,"menu_order":0,"comment_status":"open","ping_status":"open","template":"","meta":[],"_links":{"self":[{"href":"http:\/\/www.videoteam.hu\/index.php?rest_route=\/wp\/v2\/pages\/99"}],"collection":[{"href":"http:\/\/www.videoteam.hu\/index.php?rest_route=\/wp\/v2\/pages"}],"about":[{"href":"http:\/\/www.videoteam.hu\/index.php?rest_route=\/wp\/v2\/types\/page"}],"author":[{"embeddable":true,"href":"http:\/\/www.videoteam.hu\/index.php?rest_route=\/wp\/v2\/users\/3"}],"replies":[{"embeddable":true,"href":"http:\/\/www.videoteam.hu\/index.php?rest_route=%2Fwp%2Fv2%2Fcomments&post=99"}],"version-history":[{"count":19,"href":"http:\/\/www.videoteam.hu\/index.php?rest_route=\/wp\/v2\/pages\/99\/revisions"}],"predecessor-version":[{"id":528,"href":"http:\/\/www.videoteam.hu\/index.php?rest_route=\/wp\/v2\/pages\/99\/revisions\/528"}],"up":[{"embeddable":true,"href":"http:\/\/www.videoteam.hu\/index.php?rest_route=\/wp\/v2\/pages\/37"}],"wp:attachment":[{"href":"http:\/\/www.videoteam.hu\/index.php?rest_route=%2Fwp%2Fv2%2Fmedia&parent=99"}],"curies":[{"name":"wp","href":"https:\/\/api.w.org\/{rel}","templated":true}]}}